{"id":57,"date":"2016-03-06T21:48:48","date_gmt":"2016-03-06T20:48:48","guid":{"rendered":"http:\/\/www.yogalini.de\/blog\/?page_id=57"},"modified":"2024-10-15T17:56:40","modified_gmt":"2024-10-15T15:56:40","slug":"ueber-mich-mein-blog","status":"publish","type":"page","link":"http:\/\/www.yogalini.de\/blog\/ueber-mich-mein-blog\/","title":{"rendered":"\u00dcber mich \/ Mein Blog"},"content":{"rendered":"<p><a href=\"https:\/\/i0.wp.com\/www.yogalini.de\/blog\/wp-content\/uploads\/2018\/12\/Yoga-und-PC.jpg\"><img data-recalc-dims=\"1\" fetchpriority=\"high\" decoding=\"async\" class=\"alignnone size-full wp-image-652\" src=\"https:\/\/i0.wp.com\/www.yogalini.de\/blog\/wp-content\/uploads\/2018\/12\/Yoga-und-PC.jpg?resize=660%2C437\" alt=\"\" width=\"660\" height=\"437\" srcset=\"https:\/\/i0.wp.com\/www.yogalini.de\/blog\/wp-content\/uploads\/2018\/12\/Yoga-und-PC.jpg?w=1000 1000w, https:\/\/i0.wp.com\/www.yogalini.de\/blog\/wp-content\/uploads\/2018\/12\/Yoga-und-PC.jpg?resize=300%2C199 300w, https:\/\/i0.wp.com\/www.yogalini.de\/blog\/wp-content\/uploads\/2018\/12\/Yoga-und-PC.jpg?resize=768%2C508 768w\" sizes=\"(max-width: 660px) 100vw, 660px\" \/><\/a><\/p>\n<p>Ich hei\u00dfe Verena, ich liebe Yoga &#8211; und Yoga ist f\u00fcr mich keine bestimmte, feste Tradition und auch nicht wirklich an Asanas gebunden.<\/p>\n<p>Yoga ist f\u00fcr mich das urspr\u00fcnglich, nat\u00fcrliche Verk\u00f6rpern unseres GANZEN Selbst.<\/p>\n<p>Das Verk\u00f6rpern unseres GANZEN Selbst ist m\u00f6glich, wenn wir unser urspr\u00fcngliches Verm\u00f6gen, nat\u00fcrlich zu kl\u00e4ren, wieder beleben.<\/p>\n<p>Was das ist\u00a0 &#8211; &#8222;nat\u00fcrliches Kl\u00e4ren&#8220; &#8211; wird hier in meinen Blog-Artikeln deutlich. Ebenso wie das nat\u00fcrliche Verk\u00f6rpern, die urspr\u00fcngliche Verbundenheit und das freie Geben und Nehmen. Denn all diese Blogbeitr\u00e4ge sind Teil des Kl\u00e4rungsraums WORK WITH ME.<\/p>\n<p>2024 ist mein Blog, in dem es bisher um Yoga und P\u00e4dagogik ging, komplett gestorben und schlie\u00dflich wieder neu geboren worden!<\/p>\n<p>Mein Blog ist jetzt der Text-Teil eines frei zug\u00e4nglichen Feldes, in dem du auch Yoga Videos und Groundies findest.<\/p>\n<p>All diese Beitr\u00e4ge, die Texte, die Videos und die Audios k\u00f6nnen dich dort ber\u00fchren, wo du echt bist. Was durch diese Ber\u00fchrung &#8211; in dir &#8211; in Schwingung kommt, muss nicht notwendiger Weise angenehm sein. Es kann durchaus auch herausfordernd, schmerzhaft, verwirrend oder gar absto\u00dfend sein. Denn auch das kann Teil deines nat\u00fcrlichen Kl\u00e4rens sein.<\/p>\n<p>&#8222;Kl\u00e4ren&#8220; hei\u00dft nicht unbedingt, dass du dich in dem Moment klar f\u00fchlst. Es bedeutet, dass du auf<strong> deine Weise<\/strong> und in <strong>deinem nat\u00fcrlichen Tempo<\/strong> (nicht in dem Tempo und auch nicht auf die Weise wie es sich die k\u00fcnstliche Person vorstellt) das kl\u00e4rst, was sich k\u00fcnstlich festgesetzt hat.<\/p>\n<p>Dieser Kl\u00e4rungsprozess ist dein nat\u00fcrliches Verm\u00f6gen. Es katapultiert dich in deine <strong>eigene Kraft<\/strong> und durchbricht nach und nach das k\u00fcnstliche Gef\u00e4ngnis der k\u00fcnstlichen Person.<\/p>\n<p>Hierbei gibt es kein wirkliches Ende. Obgleich das vermeintliche Gebunden-Sein an die k\u00fcnstliche Person durchaus aufbrechen wird und sich gewisserma\u00dfen so zeigen kann, als w\u00e4re diese ganze Verstrickung nie passiert.<\/p>\n<p>Jetzt und immer schon ist das, was du bist, flie\u00dfend.<\/p>\n<p>Du bist nicht stabil und fest &#8222;dieses&#8220; oder &#8222;jenes&#8220;. Aber du bist HIER. Das ist offensichtlich, oder?<\/p>\n<p>Im Grunde geht es nicht darum, dass wir im Verstand begreifen, sondern darum, dass wir verk\u00f6rpert wissen. Aus uns selbst heraus. Selbstevident.<\/p>\n<p>Dein K\u00f6rper wei\u00df. Hier liegt deine autonome Kraft, die immer schon absolut verbunden ist mit allem, was lebendig pulsiert.<\/p>\n<p>Wenn du selbstst\u00e4ndig weiterfoschen m\u00f6chtest, k\u00f6nnen diese Texte ein Befeuern deines eigenen, nat\u00fcrlichen Forschungsfeldes sein. Dabei geht es niemals darum, dass du mir zustimmst, sondern darum, dass du mit deinem eigenen Fluss weiterflie\u00dft.<\/p>\n<p>Mehr \u00fcber den Raum WORK WITH ME erf\u00e4hrst du auf meiner Website <a href=\"http:\/\/www.teck-yoga.de\/\">www.yogalini.de<\/a><\/p>\n<p>Von Herzen<\/p>\n<p>Verena<\/p>\n","protected":false},"excerpt":{"rendered":"<p>Ich hei\u00dfe Verena, ich liebe Yoga &#8211; und Yoga ist f\u00fcr mich keine bestimmte, feste Tradition und auch nicht wirklich an Asanas gebunden. Yoga ist f\u00fcr mich das urspr\u00fcnglich, nat\u00fcrliche Verk\u00f6rpern unseres GANZEN Selbst. Das Verk\u00f6rpern unseres GANZEN Selbst ist m\u00f6glich, wenn wir unser urspr\u00fcngliches Verm\u00f6gen, nat\u00fcrlich zu kl\u00e4ren, wieder beleben. Was das ist\u00a0 &#8211; &hellip; <a href=\"http:\/\/www.yogalini.de\/blog\/ueber-mich-mein-blog\/\" class=\"more-link\"><span class=\"screen-reader-text\">\u00dcber mich \/ Mein Blog<\/span> weiterlesen<\/a><\/p>\n","protected":false},"author":1,"featured_media":0,"parent":0,"menu_order":0,"comment_status":"closed","ping_status":"closed","template":"","meta":{"jetpack_post_was_ever_published":false,"footnotes":""},"class_list":["post-57","page","type-page","status-publish","hentry"],"aioseo_notices":[],"jetpack_sharing_enabled":true,"jetpack_shortlink":"https:\/\/wp.me\/P6Pno0-V","_links":{"self":[{"href":"http:\/\/www.yogalini.de\/blog\/wp-json\/wp\/v2\/pages\/57","targetHints":{"allow":["GET"]}}],"collection":[{"href":"http:\/\/www.yogalini.de\/blog\/wp-json\/wp\/v2\/pages"}],"about":[{"href":"http:\/\/www.yogalini.de\/blog\/wp-json\/wp\/v2\/types\/page"}],"author":[{"embeddable":true,"href":"http:\/\/www.yogalini.de\/blog\/wp-json\/wp\/v2\/users\/1"}],"replies":[{"embeddable":true,"href":"http:\/\/www.yogalini.de\/blog\/wp-json\/wp\/v2\/comments?post=57"}],"version-history":[{"count":10,"href":"http:\/\/www.yogalini.de\/blog\/wp-json\/wp\/v2\/pages\/57\/revisions"}],"predecessor-version":[{"id":1299,"href":"http:\/\/www.yogalini.de\/blog\/wp-json\/wp\/v2\/pages\/57\/revisions\/1299"}],"wp:attachment":[{"href":"http:\/\/www.yogalini.de\/blog\/wp-json\/wp\/v2\/media?parent=57"}],"curies":[{"name":"wp","href":"https:\/\/api.w.org\/{rel}","templated":true}]}}